{"id":17196,"date":"2015-11-07T18:00:59","date_gmt":"2015-11-07T17:00:59","guid":{"rendered":"http:\/\/www.mondola.it\/de\/home-8\/"},"modified":"2016-10-06T11:57:09","modified_gmt":"2016-10-06T09:57:09","slug":"home-8","status":"publish","type":"page","link":"https:\/\/www.mondola.it\/de\/","title":{"rendered":"Home"},"content":{"rendered":"<p>[vc_row row_type=&#8221;row&#8221; use_row_as_full_screen_section=&#8221;no&#8221; type=&#8221;grid&#8221; in_content_menu=&#8221;in_content_menu&#8221; content_menu_icon=&#8221;&#8221; angled_section=&#8221;no&#8221; text_align=&#8221;left&#8221; background_image_as_pattern=&#8221;without_pattern&#8221; css_animation=&#8221;element_from_fade&#8221;][vc_column width=&#8221;1\/2&#8243;][vc_empty_space height=&#8221;70px&#8221;][vc_column_text]<\/p>\n<h1><span style=\"color: #ffffff;\">Fratelli Mondola<\/span><\/h1>\n<h2 class=\"p1\"><span class=\"s1\" style=\"color: #ffffff;\"><b>import export seit\u00a01994<\/b><\/span><\/h2>\n<p>[\/vc_column_text][vc_column_text]<span style=\"color: #ffffff;\">Fratelli Mondola GmbH wurde\u00a01994 gegr\u00fcndet\u00a0und hat sich als\u00a0Unternehmen\u00a0auf\u00a0die\u00a0Auswahl\u00a0und\u00a0Sortierung\u00a0der Altkleider \u00a0spezialisiert.\u00a0Dank\u00a0seiner Leidenschaft,\u00a0Know-how\u00a0und\u00a0Management F\u00e4higkeiten\u00a0hat\u00a0das\u00a0Unternehmen\u00a0sich im\u00a0Bereich\u00a0Import-Export\u00a0Internationalweiterwntwickelt und verf\u00fcgt jetz \u00fcber betr\u00e4chtliche Erfahrung auf der Auslandsmarkt, besonders afrikanischen und osteurop\u00e4ischen L\u00e4ndern.<\/span>[\/vc_column_text][\/vc_column][vc_column width=&#8221;1\/2&#8243;][vc_empty_space height=&#8221;50px&#8221;][vc_single_image image=&#8221;17012&#8243; img_size=&#8221;full&#8221; alignment=&#8221;right&#8221; qode_css_animation=&#8221;&#8221;][vc_empty_space height=&#8221;100px&#8221;][\/vc_column][\/vc_row][vc_row row_type=&#8221;row&#8221; use_row_as_full_screen_section=&#8221;no&#8221; type=&#8221;grid&#8221; angled_section=&#8221;no&#8221; text_align=&#8221;left&#8221; background_image_as_pattern=&#8221;without_pattern&#8221; css_animation=&#8221;element_from_fade&#8221; css=&#8221;.vc_custom_1447013681598{margin-top: -100px !important;}&#8221;][vc_column width=&#8221;1\/4&#8243;][vc_single_image image=&#8221;17004&#8243; img_size=&#8221;full&#8221; qode_css_animation=&#8221;element_from_bottom&#8221; transition_delay=&#8221;0.3&#8243;][vc_empty_space height=&#8221;15px&#8221;][vc_column_text]<\/p>\n<h3 style=\"padding-left: 30px; text-align: center;\"><span style=\"color: #ffffff;\">WIR W\u04d2HLEN<\/span><\/h3>\n<p style=\"padding-left: 30px;\"><span style=\"color: #ffffff;\">Nur die besten und langlebigsten\u00a0Kleidungsst\u00fccke\u00a0aus\u00a0den besten\u00a0Marken, Qualit\u00e4t\u00a0und\u00a0Komfort\u00a0zu einem\u00a0erschwinglichen\u00a0Preis\u00a0anzubieten.<\/span><\/p>\n<p>[\/vc_column_text][\/vc_column][vc_column width=&#8221;1\/4&#8243;][vc_single_image image=&#8221;17005&#8243; img_size=&#8221;full&#8221; qode_css_animation=&#8221;element_from_bottom&#8221; transition_delay=&#8221;0.4&#8243;][vc_empty_space height=&#8221;15px&#8221;][vc_column_text]<\/p>\n<h3 style=\"text-align: center;\"><span style=\"color: #ffffff;\">SORTIERUNG<\/span><\/h3>\n<p style=\"padding-left: 30px;\"><span style=\"color: #ffffff;\">Nach\u00a0den\u00a0unterschiedlichen\u00a0klimatischen Bed\u00fcrfnissen\u00a0teilen\u00a0wir\u00a0die Kleidungsst\u00fccke,\u00a0Schuhe\u00a0und\u00a0Textilien\u00a0f\u00fcr verschiedenen Exportzonen.<\/span><\/p>\n<p>[\/vc_column_text][\/vc_column][vc_column width=&#8221;1\/4&#8243;][vc_single_image image=&#8221;16993&#8243; img_size=&#8221;full&#8221; qode_css_animation=&#8221;element_from_bottom&#8221; transition_delay=&#8221;0.5&#8243;][vc_empty_space height=&#8221;15px&#8221;][vc_column_text]<\/p>\n<h3 style=\"text-align: center;\"><span style=\"color: #ffffff;\">VERTEILUNG<\/span><\/h3>\n<p style=\"padding-left: 30px;\"><span style=\"color: #ffffff;\">Wir\u00a0exportieren\u00a0auf\u00a0der\u00a0ganzen\u00a0Welt und arbeiten\u00a0mit\u00a0zuverl\u00e4ssigen Speditionsfirmen\u00a0und internationalen Flug und Schiffsgesellschaften.<\/span><\/p>\n<p>[\/vc_column_text][\/vc_column][\/vc_row][vc_row row_type=&#8221;row&#8221; use_row_as_full_screen_section=&#8221;no&#8221; type=&#8221;grid&#8221; angled_section=&#8221;no&#8221; text_align=&#8221;left&#8221; background_image_as_pattern=&#8221;without_pattern&#8221; css_animation=&#8221;&#8221;][vc_column width=&#8221;1\/2&#8243;][vc_empty_space height=&#8221;50px&#8221;][vc_single_image image=&#8221;17018&#8243; img_size=&#8221;full&#8221; alignment=&#8221;right&#8221; qode_css_animation=&#8221;&#8221;][\/vc_column][vc_column width=&#8221;1\/2&#8243;][vc_empty_space height=&#8221;50px&#8221;][vc_column_text]<\/p>\n<h1><span style=\"color: #ffffff;\">Second hand Kleidungswaren\u00a0<\/span><\/h1>\n<h2><span style=\"color: #ffffff;\">Nach den hochsten internationalen standards verpflichtet<\/span><\/h2>\n<p>[\/vc_column_text][vc_column_text]<span style=\"color: #ffffff;\">Wir wollen unseren Kunden nur das Beste anbieten. Daher vertrauen wir uns den meisten internationalen renommierten zuverl\u00e4ssigen\u00a0Frachtf\u00fchrer, d.h. Fluggesellschaften, Ozean Spediteuren und lokale Distributoren.<\/span>[\/vc_column_text][vc_empty_space height=&#8221;50px&#8221;][vc_row_inner row_type=&#8221;row&#8221; type=&#8221;full_width&#8221; text_align=&#8221;left&#8221; css_animation=&#8221;&#8221;][vc_column_inner width=&#8221;1\/3&#8243;]<div class='q_icon_with_title medium normal_icon center'><div class=\"icon_holder q_icon_animation\" style=\" transition-delay: 0.4ms; -webkit-transition-delay: 0.4ms; -moz-transition-delay: 0.4ms; -o-transition-delay: 0.4ms;\"><span data-icon-type=\"normal\"  data-icon-hover-color=\"#ffffff\" style=\"\" class=\"qode_iwt_icon_holder q_font_awsome_icon fa-3x \"><span aria-hidden=\"true\" class=\"qode_icon_font_elegant icon_trash qode_iwt_icon_element\" style=\"color: #dd3333;\" ><\/span><\/span><\/div><div class=\"icon_text_holder\" style=\"\"><div class=\"icon_text_inner\" style=\"\"><h5 class=\"icon_title\" style=\"color: #ffffff;\">Wir w\u04d3hlen<\/h5><p style=''><\/p><\/div><\/div><\/div>[\/vc_column_inner][vc_column_inner width=&#8221;1\/3&#8243;]<div class='q_icon_with_title medium normal_icon center'><div class=\"icon_holder q_icon_animation\" style=\" transition-delay: 0.6ms; -webkit-transition-delay: 0.6ms; -moz-transition-delay: 0.6ms; -o-transition-delay: 0.6ms;\"><span data-icon-type=\"normal\"  data-icon-hover-color=\"#ffffff\" style=\"\" class=\"qode_iwt_icon_holder q_font_awsome_icon fa-3x \"><i class=\"qode_icon_font_awesome fa fa-recycle qode_iwt_icon_element\" style=\"color: #dd3333;\" ><\/i><\/span><\/div><div class=\"icon_text_holder\" style=\"\"><div class=\"icon_text_inner\" style=\"\"><h5 class=\"icon_title\" style=\"color: #ffffff;\">Wir recyceln <\/h5><p style=''><\/p><\/div><\/div><\/div>[\/vc_column_inner][vc_column_inner width=&#8221;1\/3&#8243;]<div class='q_icon_with_title medium normal_icon center'><div class=\"icon_holder q_icon_animation\" style=\" transition-delay: 0.8ms; -webkit-transition-delay: 0.8ms; -moz-transition-delay: 0.8ms; -o-transition-delay: 0.8ms;\"><span data-icon-type=\"normal\"  data-icon-hover-color=\"#ffffff\" style=\"\" class=\"qode_iwt_icon_holder q_font_awsome_icon fa-3x \"><i class=\"qode_icon_font_awesome fa fa-truck qode_iwt_icon_element\" style=\"color: #dd3333;\" ><\/i><\/span><\/div><div class=\"icon_text_holder\" style=\"\"><div class=\"icon_text_inner\" style=\"\"><h5 class=\"icon_title\" style=\"color: #ffffff;\">Wir exportieren<\/h5><p style=''><\/p><\/div><\/div><\/div>[\/vc_column_inner][\/vc_row_inner][\/vc_column][\/vc_row][vc_row row_type=&#8221;row&#8221; use_row_as_full_screen_section=&#8221;no&#8221; type=&#8221;grid&#8221; in_content_menu=&#8221;in_content_menu&#8221; content_menu_icon=&#8221;&#8221; angled_section=&#8221;no&#8221; text_align=&#8221;left&#8221; background_image_as_pattern=&#8221;without_pattern&#8221; css_animation=&#8221;element_from_fade&#8221;][vc_column width=&#8221;1\/2&#8243;][vc_empty_space height=&#8221;100px&#8221;][vc_column_text]<\/p>\n<h1><span style=\"color: #ffffff;\">Wir orientieren\u00a0<\/span><\/h1>\n<h2><span style=\"color: #ffffff;\">uns an ethischen und starken Grunds\u00e4tzen<\/span><\/h2>\n<p>[\/vc_column_text][vc_column_text]<span style=\"color: #ffffff;\">Die internationalen Import-Export von Bekleidung, Schue und Textilien ist hat nicht nur wirtschaftliche, sondern auch ethische Gr\u00fcnde. Neben\u00a0der\u00a0Reduzierung\u00a0der\u00a0Umweltbelastung\u00a0durch\u00a0die\u00a0Begrenzung\u00a0der\u00a0\u00dcberproduktion recyceln wir\u00a0wiederverwendbaren\u00a0Kleidungen, um die Kosten f\u00fcr\u00a0 wertvolle G\u00fctern\u00a0wie\u00a0Kleidung niedrig und zug\u00e4nglich zu halten,\u00a0insbesondere\u00a0f\u00fcr\u00a0die L\u00e4nder,\u00a0\u00a0die die\u00a0Armut\u00a0t\u00e4glich stark erleben.<\/span>[\/vc_column_text][\/vc_column][vc_column width=&#8221;1\/2&#8243;][vc_empty_space height=&#8221;50px&#8221;][vc_single_image image=&#8221;17049&#8243; img_size=&#8221;full&#8221; alignment=&#8221;right&#8221; qode_css_animation=&#8221;element_from_left&#8221;][vc_empty_space height=&#8221;100px&#8221;][\/vc_column][\/vc_row][vc_row row_type=&#8221;row&#8221; use_row_as_full_screen_section=&#8221;no&#8221; type=&#8221;grid&#8221; angled_section=&#8221;no&#8221; text_align=&#8221;left&#8221; background_image_as_pattern=&#8221;without_pattern&#8221; css_animation=&#8221;element_from_left&#8221;][vc_column width=&#8221;1\/2&#8243;][vc_empty_space height=&#8221;100px&#8221;][vc_column_text]<\/p>\n<h2><span style=\"color: #ff0000;\">Zitate<\/span><\/h2>\n<p>[\/vc_column_text]<div class='testimonials_holder clearfix dark'><div class=\"testimonials testimonials_carousel\" data-show-navigation=\"yes\" data-animation-type=\"fade\" data-animation-speed=\"\" data-auto-rotate-slides=\"3\" data-number-per-slide=\"1\"><ul class=\"slides\"><li id=\"testimonials17235\" class=\"testimonial_content\"><div class=\"testimonial_content_inner\"><div class=\"testimonial_text_holder\"><div class=\"testimonial_text_inner\" style=\"\"><p>\u201cIch sollte meinen Neffen eine Nachricht  hinterlassen: Bitte um Vergebung f\u00fcr keine bessere Welt lassen zu haben, als es ist\u201d<\/p><p class=\"testimonial_author\" style=\"\"> ANDREA ZANZOTTO<\/p><\/div><\/div><\/div><\/li><li id=\"testimonials17231\" class=\"testimonial_content\"><div class=\"testimonial_content_inner\"><div class=\"testimonial_text_holder\"><div class=\"testimonial_text_inner\" style=\"\"><p>\"Jeder hat die Macht, die Welt zu einem besseren Ort zu machen.\"<\/p><p class=\"testimonial_author\" style=\"\"> SERGIO BAMBAR\u00c9N<\/p><\/div><\/div><\/div><\/li><li id=\"testimonials17226\" class=\"testimonial_content\"><div class=\"testimonial_content_inner\"><div class=\"testimonial_text_holder\"><div class=\"testimonial_text_inner\" style=\"\"><p>\u201cDie Welt ist ein sch\u00f6ner Ort und sie ist es Wert, f\u00fcr sie zu k\u00e4mpfen\u201d<\/p><p class=\"testimonial_author\" style=\"\">ERNEST HEMINGWAY<\/p><\/div><\/div><\/div><\/li><\/ul><\/div><\/div>[\/vc_column][vc_column width=&#8221;1\/2&#8243;][vc_empty_space height=&#8221;120px&#8221;][vc_column_text]<\/p>\n<h2><span style=\"color: #808080;\">Unsere partner<\/span><\/h2>\n<p>[\/vc_column_text]<div class='qode_carousels_holder clearfix'><div class='qode_carousels' data-number-of-visible-items=''><ul class='slides'><li class='item'><div class=\"carousel_item_holder\"><span class='first_image_holder has_hover_image'><img itemprop=\"image\" src=\"http:\/\/www.mondola.it\/wp-content\/uploads\/2015\/11\/Maersk.png\" alt=\"carousel image\" \/><\/span><span class='second_image_holder has_hover_image'><img itemprop=\"image\" src=\"http:\/\/www.mondola.it\/wp-content\/uploads\/2015\/11\/Maersk.png\" alt=\"carousel image\" \/><\/span><\/div><\/li><li class='item'><div class=\"carousel_item_holder\"><span class='first_image_holder has_hover_image'><img itemprop=\"image\" src=\"http:\/\/www.mondola.it\/wp-content\/uploads\/2015\/11\/Msc_cruises.png\" alt=\"carousel image\" \/><\/span><span class='second_image_holder has_hover_image'><img itemprop=\"image\" src=\"http:\/\/www.mondola.it\/wp-content\/uploads\/2015\/11\/Msc_cruises.png\" alt=\"carousel image\" \/><\/span><\/div><\/li><\/ul><\/div><\/div>[\/vc_column][\/vc_row]<\/p>\n","protected":false},"excerpt":{"rendered":"<p>[vc_row row_type=&#8221;row&#8221; use_row_as_full_screen_section=&#8221;no&#8221; type=&#8221;grid&#8221; in_content_menu=&#8221;in_content_menu&#8221; content_menu_icon=&#8221;&#8221; angled_section=&#8221;no&#8221; text_align=&#8221;left&#8221; background_image_as_pattern=&#8221;without_pattern&#8221; css_animation=&#8221;element_from_fade&#8221;][vc_column width=&#8221;1\/2&#8243;][vc_empty_space height=&#8221;70px&#8221;][vc_column_text] Fratelli Mondola import export seit\u00a01994 [\/vc_column_text][vc_column_text]Fratelli Mondola GmbH wurde\u00a01994 gegr\u00fcndet\u00a0und hat sich als\u00a0Unternehmen\u00a0auf\u00a0die\u00a0Auswahl\u00a0und\u00a0Sortierung\u00a0der Altkleider \u00a0spezialisiert.\u00a0Dank\u00a0seiner Leidenschaft,\u00a0Know-how\u00a0und\u00a0Management F\u00e4higkeiten\u00a0hat\u00a0das\u00a0Unternehmen\u00a0sich im\u00a0Bereich\u00a0Import-Export\u00a0Internationalweiterwntwickelt und verf\u00fcgt jetz \u00fcber betr\u00e4chtliche Erfahrung auf der Auslandsmarkt, besonders afrikanischen und osteurop\u00e4ischen L\u00e4ndern.[\/vc_column_text][\/vc_column][vc_column width=&#8221;1\/2&#8243;][vc_empty_space&#8230;<\/p>\n","protected":false},"author":1,"featured_media":0,"parent":0,"menu_order":0,"comment_status":"closed","ping_status":"closed","template":"full_width.php","meta":[],"_links":{"self":[{"href":"https:\/\/www.mondola.it\/de\/wp-json\/wp\/v2\/pages\/17196"}],"collection":[{"href":"https:\/\/www.mondola.it\/de\/wp-json\/wp\/v2\/pages"}],"about":[{"href":"https:\/\/www.mondola.it\/de\/wp-json\/wp\/v2\/types\/page"}],"author":[{"embeddable":true,"href":"https:\/\/www.mondola.it\/de\/wp-json\/wp\/v2\/users\/1"}],"replies":[{"embeddable":true,"href":"https:\/\/www.mondola.it\/de\/wp-json\/wp\/v2\/comments?post=17196"}],"version-history":[{"count":13,"href":"https:\/\/www.mondola.it\/de\/wp-json\/wp\/v2\/pages\/17196\/revisions"}],"predecessor-version":[{"id":17421,"href":"https:\/\/www.mondola.it\/de\/wp-json\/wp\/v2\/pages\/17196\/revisions\/17421"}],"wp:attachment":[{"href":"https:\/\/www.mondola.it\/de\/wp-json\/wp\/v2\/media?parent=17196"}],"curies":[{"name":"wp","href":"https:\/\/api.w.org\/{rel}","templated":true}]}}