{"id":17255,"date":"2015-11-23T17:37:38","date_gmt":"2015-11-23T16:37:38","guid":{"rendered":"http:\/\/www.mondola.it\/de\/prodotti\/"},"modified":"2016-08-13T12:52:35","modified_gmt":"2016-08-13T10:52:35","slug":"produkte","status":"publish","type":"page","link":"https:\/\/www.mondola.it\/de\/produkte\/","title":{"rendered":"Produkte"},"content":{"rendered":"<p>[vc_row row_type=&#8221;row&#8221; use_row_as_full_screen_section=&#8221;no&#8221; type=&#8221;grid&#8221; in_content_menu=&#8221;in_content_menu&#8221; content_menu_icon=&#8221;&#8221; angled_section=&#8221;no&#8221; text_align=&#8221;left&#8221; background_image_as_pattern=&#8221;without_pattern&#8221; css_animation=&#8221;element_from_fade&#8221;][vc_column width=&#8221;1\/2&#8243;][vc_empty_space height=&#8221;70px&#8221;][vc_column_text]<\/p>\n<h6><span style=\"color: #ffffff;\">Produkte<\/span><\/h6>\n<p>[\/vc_column_text][vc_row_inner row_type=&#8221;row&#8221; type=&#8221;grid&#8221; text_align=&#8221;left&#8221; css_animation=&#8221;element_from_left&#8221;][vc_column_inner width=&#8221;1\/2&#8243;][vc_column_text]<span style=\"color: #ffffff;\">Fratelli Mondola GmbH\u00a0besch\u00e4ftigt\u00a0sich\u00a0mit\u00a0der\u00a0Auswahl\u00a0von verwendeten aber hochwertigen Kleidungen\u00a0aus\u00a0Deutschland,\u00a0der\u00a0Schweiz,\u00a0Amerika\u00a0und\u00a0Italien.<\/span><\/p>\n<h2><span style=\"color: #ffffff;\">&#8211; CREAM QUALITY <\/span><br \/>\n<span style=\"color: #ffffff;\">&#8211; PREMIUM QUALITY<\/span><br \/>\n<span style=\"color: #ffffff;\">&#8211;\u00a0ZWEITE WAHL<\/span><br \/>\n<span style=\"color: #ffffff;\">&#8211;\u00a0ZUBEH\u00d6R<\/span><br \/>\n<span style=\"color: #ffffff;\">&#8211;\u00a0VINTAGE KLEIDUNGEN<\/span><br \/>\n<span style=\"color: #ffffff;\">&#8211;\u00a0INDUSTRIELLE TEXTILIEN<\/span><br \/>\n<span style=\"color: #ffffff;\">&#8211;\u00a0VERARBEITUNG<\/span><br \/>\n<span style=\"color: #ffffff;\">&#8211;\u00a0LAGERUNG<\/span><\/h2>\n<h2><span style=\"color: #ffffff;\">\u00a0<\/span><\/h2>\n<p>[\/vc_column_text][\/vc_column_inner][vc_column_inner width=&#8221;1\/2&#8243;]<br \/>\n[\/vc_column_inner][\/vc_row_inner][\/vc_column][vc_column width=&#8221;1\/2&#8243;][vc_empty_space height=&#8221;50px&#8221;][vc_single_image image=&#8221;17097&#8243; img_size=&#8221;full&#8221; alignment=&#8221;right&#8221; qode_css_animation=&#8221;&#8221;][vc_empty_space height=&#8221;100px&#8221;][\/vc_column][\/vc_row][vc_row row_type=&#8221;row&#8221; use_row_as_full_screen_section=&#8221;no&#8221; type=&#8221;grid&#8221; angled_section=&#8221;no&#8221; text_align=&#8221;left&#8221; background_image_as_pattern=&#8221;without_pattern&#8221; css_animation=&#8221;element_from_fade&#8221; css=&#8221;.vc_custom_1447013681598{margin-top: -100px !important;}&#8221;][vc_column width=&#8221;1\/4&#8243;][vc_single_image image=&#8221;17101&#8243; alignment=&#8221;center&#8221; qode_css_animation=&#8221;&#8221;][vc_empty_space height=&#8221;15px&#8221;][vc_column_text]<\/p>\n<h3 style=\"text-align: center;\"><span style=\"color: #ffffff;\">Erste wahl<\/span><\/h3>\n<p style=\"padding-left: 30px;\"><span style=\"color: #ffffff;\">Die Kleidungsst\u00fccke sind so gew\u00e4hlt, dass die erste Wahl f\u00fcr die Wiederverwendung im\u00a0 Vintage-Boutiquen\u00a0 gew\u00f6hnlich reserviert ist.<\/span><\/p>\n<p>[\/vc_column_text][\/vc_column][vc_column width=&#8221;1\/4&#8243;][vc_single_image image=&#8221;17102&#8243; alignment=&#8221;center&#8221; qode_css_animation=&#8221;&#8221;][vc_empty_space height=&#8221;15px&#8221;][vc_column_text]<\/p>\n<h3 style=\"text-align: center;\"><span style=\"color: #ffffff;\">Zweite wahl<\/span><\/h3>\n<p style=\"padding-left: 30px;\"><span style=\"color: #ffffff;\">Die zweite Wahl richtet sich an einem Dienstleistungssektor mit niedrigen Kosten, die wiederum auf Flohm\u00e4rkten sortiert.<\/span><\/p>\n<p>[\/vc_column_text][\/vc_column][vc_column width=&#8221;1\/4&#8243;][vc_single_image image=&#8221;17104&#8243; alignment=&#8221;center&#8221; qode_css_animation=&#8221;&#8221;][vc_empty_space height=&#8221;15px&#8221;][vc_column_text]<\/p>\n<h3 style=\"text-align: center;\"><span style=\"color: #ffffff;\">Dritte wahl<\/span><\/h3>\n<p style=\"padding-left: 30px;\"><span style=\"color: #ffffff;\">Die Artikel dritter Wahl werden Non-Profit-Organisationen vergeben, die deren Verteilung an Bed\u00fcrftigen \u00fcbernehmen.<\/span><\/p>\n<p>[\/vc_column_text][\/vc_column][vc_column width=&#8221;1\/4&#8243;][vc_single_image image=&#8221;17105&#8243; alignment=&#8221;center&#8221; qode_css_animation=&#8221;&#8221;][vc_empty_space height=&#8221;15px&#8221;][vc_column_text]<\/p>\n<h3 style=\"text-align: center;\"><span style=\"color: #ffffff;\">Vierte wahl<\/span><\/h3>\n<p style=\"padding-left: 30px;\"><span style=\"color: #ffffff;\">Die letzte Wahl dient als Lumpen, Lappen und Fetzen f\u00fcr die Wiederverwendung im Bereich der Wasch oder Reinigungshausfrau.<\/span><\/p>\n<p>[\/vc_column_text][\/vc_column][\/vc_row][vc_row row_type=&#8221;row&#8221; use_row_as_full_screen_section=&#8221;no&#8221; type=&#8221;grid&#8221; angled_section=&#8221;no&#8221; text_align=&#8221;left&#8221; background_image_as_pattern=&#8221;without_pattern&#8221; css_animation=&#8221;&#8221;][vc_column][vc_empty_space height=&#8221;50px&#8221;][vc_single_image image=&#8221;17124&#8243; img_size=&#8221;full&#8221; alignment=&#8221;center&#8221; qode_css_animation=&#8221;element_from_left&#8221;][\/vc_column][\/vc_row][vc_row row_type=&#8221;row&#8221; use_row_as_full_screen_section=&#8221;no&#8221; type=&#8221;full_width&#8221; angled_section=&#8221;no&#8221; text_align=&#8221;left&#8221; background_image_as_pattern=&#8221;without_pattern&#8221; css_animation=&#8221;&#8221;][vc_column width=&#8221;1\/3&#8243; css=&#8221;.vc_custom_1448551891618{background-color: #1d1d2a !important;}&#8221;][vc_column_text]<\/p>\n<h4 style=\"text-align: right; padding-left: 30px;\"><span style=\"color: #ffffff;\">2000 Kleidungsst\u00fccke pro Tag sortiert und recycelt<\/span><\/h4>\n<p>[\/vc_column_text][\/vc_column][vc_column width=&#8221;2\/3&#8243;][vc_empty_space height=&#8221;50px&#8221;][vc_single_image image=&#8221;17126&#8243; img_size=&#8221;full&#8221; alignment=&#8221;right&#8221; qode_css_animation=&#8221;element_from_right&#8221;][\/vc_column][\/vc_row]<\/p>\n","protected":false},"excerpt":{"rendered":"<p>[vc_row row_type=&#8221;row&#8221; use_row_as_full_screen_section=&#8221;no&#8221; type=&#8221;grid&#8221; in_content_menu=&#8221;in_content_menu&#8221; content_menu_icon=&#8221;&#8221; angled_section=&#8221;no&#8221; text_align=&#8221;left&#8221; background_image_as_pattern=&#8221;without_pattern&#8221; css_animation=&#8221;element_from_fade&#8221;][vc_column width=&#8221;1\/2&#8243;][vc_empty_space height=&#8221;70px&#8221;][vc_column_text] Produkte [\/vc_column_text][vc_row_inner row_type=&#8221;row&#8221; type=&#8221;grid&#8221; text_align=&#8221;left&#8221; css_animation=&#8221;element_from_left&#8221;][vc_column_inner width=&#8221;1\/2&#8243;][vc_column_text]Fratelli Mondola GmbH\u00a0besch\u00e4ftigt\u00a0sich\u00a0mit\u00a0der\u00a0Auswahl\u00a0von verwendeten aber hochwertigen Kleidungen\u00a0aus\u00a0Deutschland,\u00a0der\u00a0Schweiz,\u00a0Amerika\u00a0und\u00a0Italien. &#8211; CREAM QUALITY &#8211; PREMIUM QUALITY &#8211;\u00a0ZWEITE WAHL &#8211;\u00a0ZUBEH\u00d6R &#8211;\u00a0VINTAGE KLEIDUNGEN &#8211;\u00a0INDUSTRIELLE TEXTILIEN &#8211;\u00a0VERARBEITUNG &#8211;\u00a0LAGERUNG \u00a0 [\/vc_column_text][\/vc_column_inner][vc_column_inner width=&#8221;1\/2&#8243;] [\/vc_column_inner][\/vc_row_inner][\/vc_column][vc_column width=&#8221;1\/2&#8243;][vc_empty_space&#8230;<\/p>\n","protected":false},"author":1,"featured_media":0,"parent":0,"menu_order":0,"comment_status":"closed","ping_status":"closed","template":"full_width.php","meta":[],"_links":{"self":[{"href":"https:\/\/www.mondola.it\/de\/wp-json\/wp\/v2\/pages\/17255"}],"collection":[{"href":"https:\/\/www.mondola.it\/de\/wp-json\/wp\/v2\/pages"}],"about":[{"href":"https:\/\/www.mondola.it\/de\/wp-json\/wp\/v2\/types\/page"}],"author":[{"embeddable":true,"href":"https:\/\/www.mondola.it\/de\/wp-json\/wp\/v2\/users\/1"}],"replies":[{"embeddable":true,"href":"https:\/\/www.mondola.it\/de\/wp-json\/wp\/v2\/comments?post=17255"}],"version-history":[{"count":4,"href":"https:\/\/www.mondola.it\/de\/wp-json\/wp\/v2\/pages\/17255\/revisions"}],"predecessor-version":[{"id":17380,"href":"https:\/\/www.mondola.it\/de\/wp-json\/wp\/v2\/pages\/17255\/revisions\/17380"}],"wp:attachment":[{"href":"https:\/\/www.mondola.it\/de\/wp-json\/wp\/v2\/media?parent=17255"}],"curies":[{"name":"wp","href":"https:\/\/api.w.org\/{rel}","templated":true}]}}